{"id":845,"date":"2026-02-18T17:52:13","date_gmt":"2026-02-18T17:52:13","guid":{"rendered":"https:\/\/stall-schwark.de\/?page_id=845"},"modified":"2026-02-18T17:52:14","modified_gmt":"2026-02-18T17:52:14","slug":"kontakt-8","status":"publish","type":"page","link":"https:\/\/stall-schwark.de\/?page_id=845","title":{"rendered":"Kontakt"},"content":{"rendered":"<div class=\"\" style=\"\" >\n  \n    <section class=\"u-align-center u-clearfix u-container-align-center u-section-1\" id=\"block-1\">\n      <img decoding=\"async\" class=\"u-expanded-width u-image u-image-1\" src=\"https:\/\/stall-schwark.de\/wp-content\/uploads\/2026\/02\/hh-heu-5.jpg\" data-image-width=\"1920\" data-image-height=\"648\">\n      <img decoding=\"async\" class=\"u-image u-image-contain u-image-default u-image-2\" src=\"https:\/\/stall-schwark.de\/wp-content\/uploads\/2026\/02\/Logo-2026-5.jpg\" alt=\"\" data-image-width=\"506\" data-image-height=\"641\" data-href=\"https:\/\/stall-schwark.de\/?page_id=843\" title=\"Stall Schwark\">\n    <\/section>\n    <section class=\"u-align-center u-clearfix u-container-align-center u-container-align-center-lg u-container-align-center-md u-container-align-center-sm u-container-align-center-xl u-section-2\" id=\"block-2\">\n      <div class=\"u-clearfix u-sheet u-valign-middle-lg u-valign-middle-md u-valign-middle-sm u-sheet-1\">\n        <h2 class=\"u-align-center u-text u-text-1\" data-animation-name=\"customAnimationIn\" data-animation-duration=\"1500\"><span style=\"font-size: 3rem;\">Kontakt - Impressum<\/span>\n          <br>\n        <\/h2>\n        <p class=\"u-align-center u-text u-text-2\">\n          <font><\/font>\n          <font>Landwirtschaftlicher Betrieb Stefanie Schwark<br> Alt Gro\u00dfziethen 43&nbsp; \n          <\/font>\n          <br>\n          <font>12529 Sch\u00f6nefeld OT Gro\u00dfziethen<\/font>\n          <font><\/font>\n          <br>\n          <font>Tel: 0177 - 221 83 75<br>\n            <br> SAMOSAEA - Reitverein f\u00fcr therapeutisches Reiten und Breitensport in Gro\u00dfziethen e.V.<br> E-Mail: ev@samosaea.de\n          <\/font>\n          <font>\n            <br>\n          <\/font>\n          <font>Postanschrift: Maurerweg 83 in 12351 Berlin<br>\n          <\/font>\n          <font>\n            <br> Reitplatz: \n          <\/font>\n          <font>Alt Gro\u00dfziethen 43 in 12529 Sch\u00f6nefeld OT Gro\u00dfziethen<br>\n          <\/font>\n          <br>Ausbildungs-und Pensionsstall Schwark<br>Lettberger Str.94&nbsp; in 12355 Berlin-Rudow<br>\n          <br>Inhaltlich Verantwortlicher Stefanie Schwark <br>Steuer-ID 7085 0216396<br>DATENSCHUTZERKL\u00c4RUNG<br>Social Media <a href=\"https:\/\/www.instagram.com\/schwark_ausbildungsstall\/\" class=\"u-active-none u-border-none u-btn u-button-link u-button-style u-hover-none u-none u-text-black u-btn-1\" target=\"_blank\">INSTAGRAM <\/a>\/ <a href=\"https:\/\/www.facebook.com\/samosaea\" class=\"u-active-none u-border-none u-btn u-button-link u-button-style u-hover-none u-none u-text-black u-btn-2\" target=\"_blank\">FACEBOOK Samosaea<\/a>\n          <br>\n        <\/p>\n      <\/div>\n    <\/section>\n    <section class=\"u-clearfix u-grey-light-2 u-typography-custom-page-typography-12--Map u-section-3\" id=\"block-6\">\n      <div class=\"u-expanded-width u-grey-light-2 u-map u-map-1\">\n        <div class=\"embed-responsive\">\n          <iframe class=\"embed-responsive-item\" src=\"https:\/\/maps.google.com\/maps?output=embed&amp;q=SAMOSAEA%20Alt%20Gro%C3%9Fziethen%2043%0A12529%20Sch%C3%B6nefeld&amp;t=m\" data-map=\"JTdCJTIycG9zaXRpb25UeXBlJTIyJTNBJTIybWFwLWFkZHJlc3MlMjIlMkMlMjJhZGRyZXNzJTIyJTNBJTIyU0FNT1NBRUElMjBBbHQlMjBHcm8lQzMlOUZ6aWV0aGVuJTIwNDMlNUNuMTI1MjklMjBTY2glQzMlQjZuZWZlbGQlMjIlMkMlMjJ6b29tJTIyJTNBbnVsbCUyQyUyMnR5cGVJZCUyMiUzQSUyMnJvYWQlMjIlMkMlMjJsYW5nJTIyJTNBbnVsbCUyQyUyMmFwaUtleSUyMiUzQW51bGwlMkMlMjJtYXJrZXJzJTIyJTNBJTVCJTVEJTdE\"><\/iframe>\n        <\/div>\n      <\/div>\n    <\/section>\n    <section class=\"u-clearfix u-grey-light-2 u-typography-custom-page-typography-12--Map u-section-4\" id=\"block-4\">\n      <p class=\"u-text u-text-1\">Ausbildungs-und Pensionsstall Schwark <br>\n      <\/p>\n      <div class=\"u-expanded-width u-grey-light-2 u-map u-map-1\">\n        <div class=\"embed-responsive\">\n          <iframe class=\"embed-responsive-item\" src=\"https:\/\/maps.google.com\/maps?output=embed&amp;q=Ausbildungs-und%20Pensionsstall%20Rudow%20Lettberger%20Str.%2094%0A12355%20Berlin&amp;t=m\" data-map=\"JTdCJTIycG9zaXRpb25UeXBlJTIyJTNBJTIybWFwLWFkZHJlc3MlMjIlMkMlMjJhZGRyZXNzJTIyJTNBJTIyQXVzYmlsZHVuZ3MtdW5kJTIwUGVuc2lvbnNzdGFsbCUyMFJ1ZG93JTIwTGV0dGJlcmdlciUyMFN0ci4lMjA5NCU1Q24xMjM1NSUyMEJlcmxpbiUyMiUyQyUyMnpvb20lMjIlM0FudWxsJTJDJTIydHlwZUlkJTIyJTNBJTIycm9hZCUyMiUyQyUyMmxhbmclMjIlM0FudWxsJTJDJTIyYXBpS2V5JTIyJTNBbnVsbCUyQyUyMm1hcmtlcnMlMjIlM0ElNUIlNUQlN0Q=\"><\/iframe>\n        <\/div>\n      <\/div>\n    <\/section>\n    \n    \n    \n    \n  \n<\/div>","protected":false},"excerpt":{"rendered":"<p>Kontakt &#8211; Impressum Landwirtschaftlicher Betrieb Stefanie Schwark Alt Gro\u00dfziethen 43&nbsp; 12529 Sch\u00f6nefeld OT Gro\u00dfziethen Tel: 0177 &#8211; 221 83 75 SAMOSAEA &#8211; Reitverein f\u00fcr therapeutisches Reiten und Breitensport in Gro\u00dfziethen e.V. E-Mail: ev@samosaea.de Postanschrift: Maurerweg 83 in 12351 Berlin Reitplatz: Alt Gro\u00dfziethen 43 in 12529 Sch\u00f6nefeld OT Gro\u00dfziethen Ausbildungs-und Pensionsstall SchwarkLettberger Str.94&nbsp; in 12355 Berlin-Rudow [&hellip;]<\/p>\n","protected":false},"author":1,"featured_media":0,"parent":0,"menu_order":10,"comment_status":"closed","ping_status":"closed","template":"","meta":{"footnotes":""},"class_list":["post-845","page","type-page","status-publish","hentry"],"_links":{"self":[{"href":"https:\/\/stall-schwark.de\/index.php?rest_route=\/wp\/v2\/pages\/845","targetHints":{"allow":["GET"]}}],"collection":[{"href":"https:\/\/stall-schwark.de\/index.php?rest_route=\/wp\/v2\/pages"}],"about":[{"href":"https:\/\/stall-schwark.de\/index.php?rest_route=\/wp\/v2\/types\/page"}],"author":[{"embeddable":true,"href":"https:\/\/stall-schwark.de\/index.php?rest_route=\/wp\/v2\/users\/1"}],"replies":[{"embeddable":true,"href":"https:\/\/stall-schwark.de\/index.php?rest_route=%2Fwp%2Fv2%2Fcomments&post=845"}],"version-history":[{"count":1,"href":"https:\/\/stall-schwark.de\/index.php?rest_route=\/wp\/v2\/pages\/845\/revisions"}],"predecessor-version":[{"id":855,"href":"https:\/\/stall-schwark.de\/index.php?rest_route=\/wp\/v2\/pages\/845\/revisions\/855"}],"wp:attachment":[{"href":"https:\/\/stall-schwark.de\/index.php?rest_route=%2Fwp%2Fv2%2Fmedia&parent=845"}],"curies":[{"name":"wp","href":"https:\/\/api.w.org\/{rel}","templated":true}]}}