{"id":844,"date":"2026-02-18T17:52:12","date_gmt":"2026-02-18T17:52:12","guid":{"rendered":"https:\/\/stall-schwark.de\/?page_id=844"},"modified":"2026-02-18T17:52:14","modified_gmt":"2026-02-18T17:52:14","slug":"landwirtschaft","status":"publish","type":"page","link":"https:\/\/stall-schwark.de\/?page_id=844","title":{"rendered":"Landwirtschaft"},"content":{"rendered":"<div class=\"\" style=\"\" >\n  \n    <section class=\"u-align-center u-clearfix u-section-1\" id=\"block-1\">\n      <img decoding=\"async\" class=\"u-expanded-width u-image u-image-1\" src=\"https:\/\/stall-schwark.de\/wp-content\/uploads\/2026\/02\/LW-1-13.jpeg\" data-image-width=\"2258\" data-image-height=\"1372\">\n      <img decoding=\"async\" class=\"u-image u-image-contain u-image-default u-image-2\" src=\"https:\/\/stall-schwark.de\/wp-content\/uploads\/2026\/02\/Logo-2026-5.jpg\" alt=\"\" data-image-width=\"506\" data-image-height=\"641\" data-href=\"https:\/\/stall-schwark.de\/?page_id=843\" title=\"Stall Schwark\">\n    <\/section>\n    <section class=\"u-align-center u-clearfix u-container-align-center u-container-align-center-lg u-container-align-center-xl u-section-2\" id=\"block-2\">\n      <div class=\"u-clearfix u-sheet u-valign-middle-lg u-sheet-1\">\n        <h2 class=\"u-align-center u-text u-text-1\" data-animation-name=\"customAnimationIn\" data-animation-duration=\"1500\"><span style=\"font-size: 3rem;\">Landwirtschaft <\/span>\n          <br><span style=\"font-size: 3rem;\">Yanik &amp; Knut Schwark<\/span>\n          <br>\n        <\/h2>\n        <p class=\"u-align-center u-text u-text-2\">\n          <font><\/font>Bei\n uns k\u00f6nnen Sie hochwertiges Stroh und Heu f\u00fcr Ihre Tiere und \nlandwirtschaftliche Zwecke erwerben. Unser Stroh ist ideal f\u00fcr Einstreu \nund die Tierhaltung, w\u00e4hrend unser Heu frisch und n\u00e4hrstoffreich ist - \nperfekt f\u00fcr die F\u00fctterung Ihrer Tiere.\n\u200b\nWir legen gro\u00dfen Wert auf Qualit\u00e4t und Frische, damit Sie stets das Beste f\u00fcr Ihre Tiere bekommen. Wir\n bieten zuverl\u00e4ssige Transportfahrten f\u00fcr jeglicher Art von G\u00fctern an, \nden Transport von Ballen ( Heu,Stroh, Silage) sowie Schuttg\u00fctern in \nverschiedenen Gr\u00f6\u00dfen und Mengen.<br>Bei Fragen stehen wir Ihnen gerne zur Seite, um Ihre Transporte effizient und zuverl\u00e4ssig abzuwickeln.\n        <\/p>\n        <div class=\"u-expanded-width u-gallery u-layout-grid u-lightbox u-no-transition u-show-text-none u-gallery-1\">\n          <div class=\"u-gallery-inner u-gallery-inner-1\">\n            <div class=\"u-effect-hover-zoom u-gallery-item\">\n              <div class=\"u-back-slide\" data-image-width=\"1586\" data-image-height=\"938\">\n                <img decoding=\"async\" class=\"u-back-image u-expanded\" src=\"https:\/\/stall-schwark.de\/wp-content\/uploads\/2026\/02\/LW-4-13.jpeg\">\n              <\/div>\n              <div class=\"u-over-slide u-shading u-over-slide-1\"><\/div>\n            <\/div>\n            <div class=\"u-effect-hover-zoom u-gallery-item\">\n              <div class=\"u-back-slide\" data-image-width=\"2233\" data-image-height=\"1289\">\n                <img decoding=\"async\" class=\"u-back-image u-expanded\" src=\"https:\/\/stall-schwark.de\/wp-content\/uploads\/2026\/02\/LW-2-13.jpeg\">\n              <\/div>\n              <div class=\"u-over-slide u-shading u-over-slide-2\"><\/div>\n            <\/div>\n            <div class=\"u-effect-hover-zoom u-gallery-item\">\n              <div class=\"u-back-slide\" data-image-width=\"2789\" data-image-height=\"1317\">\n                <img decoding=\"async\" class=\"u-back-image u-expanded\" src=\"https:\/\/stall-schwark.de\/wp-content\/uploads\/2026\/02\/LW-3-13-scaled.jpeg\">\n              <\/div>\n              <div class=\"u-over-slide u-shading u-over-slide-3\"><\/div>\n            <\/div>\n            <div class=\"u-effect-hover-zoom u-gallery-item\">\n              <div class=\"u-back-slide\" data-image-width=\"640\" data-image-height=\"400\">\n                <img decoding=\"async\" class=\"u-back-image u-expanded\" src=\"https:\/\/stall-schwark.de\/wp-content\/uploads\/2026\/02\/LW-01-13.jpeg\">\n              <\/div>\n              <div class=\"u-over-slide u-shading u-over-slide-4\"><\/div>\n            <\/div>\n            <div class=\"u-effect-hover-zoom u-gallery-item\">\n              <div class=\"u-back-slide\" data-image-width=\"1280\" data-image-height=\"719\">\n                <img decoding=\"async\" class=\"u-back-image u-expanded\" src=\"https:\/\/stall-schwark.de\/wp-content\/uploads\/2026\/02\/village-8524061_1280-13.jpg\">\n              <\/div>\n              <div class=\"u-over-slide u-shading u-over-slide-5\"><\/div>\n            <\/div>\n            <div class=\"u-effect-hover-zoom u-gallery-item\">\n              <div class=\"u-back-slide\" data-image-width=\"1000\" data-image-height=\"667\">\n                <img decoding=\"async\" class=\"u-back-image u-expanded\" src=\"https:\/\/stall-schwark.de\/wp-content\/uploads\/2026\/02\/Getrei-13.jpg\">\n              <\/div>\n              <div class=\"u-over-slide u-shading u-over-slide-6\"><\/div>\n            <\/div>\n          <\/div>\n        <\/div>\n      <\/div>\n    <\/section>\n    \n    \n    \n    \n  \n<\/div>","protected":false},"excerpt":{"rendered":"<p>Landwirtschaft Yanik &amp; Knut Schwark Bei uns k\u00f6nnen Sie hochwertiges Stroh und Heu f\u00fcr Ihre Tiere und landwirtschaftliche Zwecke erwerben. Unser Stroh ist ideal f\u00fcr Einstreu und die Tierhaltung, w\u00e4hrend unser Heu frisch und n\u00e4hrstoffreich ist &#8211; perfekt f\u00fcr die F\u00fctterung Ihrer Tiere. \u200b Wir legen gro\u00dfen Wert auf Qualit\u00e4t und Frische, damit Sie stets [&hellip;]<\/p>\n","protected":false},"author":1,"featured_media":0,"parent":0,"menu_order":9,"comment_status":"closed","ping_status":"closed","template":"","meta":{"footnotes":""},"class_list":["post-844","page","type-page","status-publish","hentry"],"_links":{"self":[{"href":"https:\/\/stall-schwark.de\/index.php?rest_route=\/wp\/v2\/pages\/844","targetHints":{"allow":["GET"]}}],"collection":[{"href":"https:\/\/stall-schwark.de\/index.php?rest_route=\/wp\/v2\/pages"}],"about":[{"href":"https:\/\/stall-schwark.de\/index.php?rest_route=\/wp\/v2\/types\/page"}],"author":[{"embeddable":true,"href":"https:\/\/stall-schwark.de\/index.php?rest_route=\/wp\/v2\/users\/1"}],"replies":[{"embeddable":true,"href":"https:\/\/stall-schwark.de\/index.php?rest_route=%2Fwp%2Fv2%2Fcomments&post=844"}],"version-history":[{"count":1,"href":"https:\/\/stall-schwark.de\/index.php?rest_route=\/wp\/v2\/pages\/844\/revisions"}],"predecessor-version":[{"id":854,"href":"https:\/\/stall-schwark.de\/index.php?rest_route=\/wp\/v2\/pages\/844\/revisions\/854"}],"wp:attachment":[{"href":"https:\/\/stall-schwark.de\/index.php?rest_route=%2Fwp%2Fv2%2Fmedia&parent=844"}],"curies":[{"name":"wp","href":"https:\/\/api.w.org\/{rel}","templated":true}]}}