{"id":843,"date":"2026-02-18T17:52:11","date_gmt":"2026-02-18T17:52:11","guid":{"rendered":"https:\/\/stall-schwark.de\/?page_id=843"},"modified":"2026-02-18T17:52:14","modified_gmt":"2026-02-18T17:52:14","slug":"startseite","status":"publish","type":"page","link":"https:\/\/stall-schwark.de\/","title":{"rendered":"Startseite"},"content":{"rendered":"<div class=\"\" style=\"\" >\n  \n    <section class=\"u-align-center u-clearfix u-section-1\" id=\"block-2\">\n      <div class=\"u-clearfix u-sheet u-valign-middle-lg u-sheet-1\">\n        <img decoding=\"async\" class=\"custom-expanded u-image u-image-contain u-image-default u-image-1\" src=\"https:\/\/stall-schwark.de\/wp-content\/uploads\/2026\/02\/blau-neu-Logo-2026.jpg\" alt=\"\" data-image-width=\"506\" data-image-height=\"641\" data-href=\"https:\/\/stall-schwark.de\/?page_id=843\" title=\"Stall Schwark\">\n        <img decoding=\"async\" class=\"u-expanded-width-xs u-image u-image-2\" src=\"https:\/\/stall-schwark.de\/wp-content\/uploads\/2026\/02\/home-s-13.jpg\" data-image-width=\"1600\" data-image-height=\"870\">\n        <h2 class=\"u-align-center u-text u-text-1\" data-animation-name=\"customAnimationIn\" data-animation-duration=\"1500\">Herzlich Willkommen bei Familie Schwark<br>\n        <\/h2>\n        <p class=\"u-align-center u-text u-text-2\">\n          <font><span style=\"font-size: 1.125rem;\">1997 er\u00f6ffnete Steffi Schwark in Gro\u00dfziethen einen Gewerbebetrieb, <\/span>\n          <\/font><span style=\"font-size: 1.125rem;\">\n            <br>\n            <font>der als Reitstall SAMOSAEA bekannt wurde. <\/font>\n            <br>\n            <font>Im Oktober bezog SAMOSAEA in Alt Gro\u00dfziethen 43,&nbsp;\n\t\t\t  ein neues Gel\u00e4nde mit dem <\/font>\n            <font>Angebot Landwirtschaft, <\/font>\n            <font>Pferdezucht,\n\t\t\t  Pferdehaltung und Pensionstierhaltung. <br>\n            <\/font>2023 \nkam mit dem Pensions -und Ausbildungsstall ein zweiter Standort <\/span>\n          <br><span style=\"font-size: 1.125rem;\">in der Lettberger Strasse 94 Rudow dazu.<\/span>\n          <br>\n        <\/p>\n        <div class=\"data-layout-selected u-clearfix u-expanded-width u-layout-wrap u-layout-wrap-1\">\n          <div class=\"u-layout\">\n            <div class=\"u-layout-row\">\n              <div class=\"u-container-style u-layout-cell u-size-15 u-layout-cell-1\">\n                <div class=\"u-container-layout u-container-layout-1\">\n                  <img decoding=\"async\" class=\"u-image u-image-contain u-image-default u-image-3\" src=\"https:\/\/stall-schwark.de\/wp-content\/uploads\/2026\/02\/Sam-1-13.jpeg\" alt=\"\" data-image-width=\"1186\" data-image-height=\"1135\">\n                  <p class=\"u-text u-text-3\"><span style=\"font-weight: 700; font-size: 1.25rem;\" class=\"u-text-custom-color-2\">SAMOSAEA<\/span>\n                    <br>\n                    <font>Therapeutisches Reiten und Breitensport in\n\t\t\t  Gro\u00dfziethen<\/font>\n                  <\/p>\n                  <a href=\"\" class=\"u-btn u-button-style u-custom-color-2 u-hover-custom-color-2 u-btn-1\">mehr erfahren<\/a>\n                <\/div>\n              <\/div>\n              <div class=\"u-container-style u-layout-cell u-size-15 u-layout-cell-2\">\n                <div class=\"u-container-layout u-container-layout-2\">\n                  <img decoding=\"async\" class=\"u-image u-image-default u-image-4\" src=\"https:\/\/stall-schwark.de\/wp-content\/uploads\/2026\/02\/Rudow-13.jpeg\" alt=\"\" data-image-width=\"1199\" data-image-height=\"465\">\n                  <p class=\"u-text u-text-4\"><span class=\"u-text-custom-color-2\" style=\"font-weight: 700; font-size: 1.25rem;\">Ausbildungsstall <\/span>\n                    <br> Ausbildungs-und Pensionsstall mit Schwerpunkt Dressur \n                  <\/p>\n                  <a href=\"\" class=\"u-btn u-button-style u-custom-color-2 u-hover-custom-color-2 u-btn-2\">mehr erfahren<\/a>\n                <\/div>\n              <\/div>\n              <div class=\"u-container-style u-layout-cell u-size-15 u-layout-cell-3\">\n                <div class=\"u-container-layout u-container-layout-3\">\n                  <img decoding=\"async\" class=\"u-image u-image-default u-image-5\" src=\"https:\/\/stall-schwark.de\/wp-content\/uploads\/2026\/02\/Reitschule-13.jpg\" alt=\"\" data-image-width=\"550\" data-image-height=\"280\">\n                  <p class=\"u-text u-text-5\"><span class=\"u-text-custom-color-2\" style=\"font-weight: 700; font-size: 1.25rem;\">Reitschule<\/span>\n                    <br> Unterricht f\u00fcr Anf\u00e4nger und Fortgeschrittene <br>\n                  <\/p>\n                  <a href=\"\" class=\"u-btn u-button-style u-custom-color-2 u-hover-custom-color-2 u-btn-3\">mehr erfahren<\/a>\n                <\/div>\n              <\/div>\n              <div class=\"u-container-style u-layout-cell u-size-15 u-layout-cell-4\">\n                <div class=\"u-container-layout u-valign-bottom-xs u-container-layout-4\">\n                  <img decoding=\"async\" class=\"u-image u-image-default u-image-6\" src=\"https:\/\/stall-schwark.de\/wp-content\/uploads\/2026\/02\/belle-1.jpg\" alt=\"\" data-image-width=\"1333\" data-image-height=\"827\">\n                  <p class=\"u-text u-text-6\"><span style=\"font-weight: 700; font-size: 1.25rem;\" class=\"u-text-custom-color-2\">\u00dcber uns<\/span>\n                    <br>Steffi , Knut, Emilia, Yanik <br>unsere Aufgaben im Stall<br>\n                  <\/p>\n                  <a href=\"\" class=\"u-btn u-button-style u-custom-color-2 u-hover-custom-color-2 u-btn-4\">mehr erfahren<\/a>\n                <\/div>\n              <\/div>\n            <\/div>\n          <\/div>\n        <\/div>\n        <div class=\"custom-expanded data-layout-selected u-clearfix u-layout-wrap u-layout-wrap-2\">\n          <div class=\"u-layout\">\n            <div class=\"u-layout-row\">\n              <div class=\"u-container-style u-custom-color-2 u-layout-cell u-size-30 u-layout-cell-5\">\n                <div class=\"u-container-layout u-container-layout-5\">\n                  <p class=\"u-align-center u-text u-text-7\">\n                    <font><span style=\"font-size: 1.125rem;\">\n                        <a href=\"https:\/\/www.instagram.com\/samosaea_gz\/\" class=\"u-active-none u-border-none u-btn u-button-link u-button-style u-hover-none u-none u-text-white u-btn-5\" target=\"_blank\">Instagram SAMOSAEA<\/a><\/span>\n                    <\/font>\n                    <br>\n                  <\/p>\n                  <img decoding=\"async\" class=\"u-image u-image-default u-image-7\" src=\"https:\/\/stall-schwark.de\/wp-content\/uploads\/2026\/02\/insta-samo.jpg\" alt=\"\" data-image-width=\"583\" data-image-height=\"689\">\n                <\/div>\n              <\/div>\n              <div class=\"u-container-style u-custom-color-2 u-layout-cell u-size-30 u-layout-cell-6\">\n                <div class=\"u-container-layout u-container-layout-6\">\n                  <p class=\"u-text u-text-default u-text-8\">\n                    <a href=\"https:\/\/www.instagram.com\/schwark_ausbildungsstall\/\" class=\"u-active-none u-border-none u-btn u-button-link u-button-style u-hover-none u-none u-text-white u-btn-6\" target=\"_blank\">Instagram Ausbildungsstall<\/a>\n                    <br>\n                  <\/p>\n                  <img decoding=\"async\" class=\"u-image u-image-default u-image-8\" src=\"https:\/\/stall-schwark.de\/wp-content\/uploads\/2026\/02\/insta-ausb.jpg\" alt=\"\" data-image-width=\"572\" data-image-height=\"562\">\n                <\/div>\n              <\/div>\n            <\/div>\n          <\/div>\n        <\/div>\n      <\/div>\n    <\/section>\n    \n    \n    \n    \n  \n<\/div>","protected":false},"excerpt":{"rendered":"<p>Herzlich Willkommen bei Familie Schwark 1997 er\u00f6ffnete Steffi Schwark in Gro\u00dfziethen einen Gewerbebetrieb, der als Reitstall SAMOSAEA bekannt wurde. Im Oktober bezog SAMOSAEA in Alt Gro\u00dfziethen 43,&nbsp; ein neues Gel\u00e4nde mit dem Angebot Landwirtschaft, Pferdezucht, Pferdehaltung und Pensionstierhaltung. 2023 kam mit dem Pensions -und Ausbildungsstall ein zweiter Standort in der Lettberger Strasse 94 Rudow dazu. [&hellip;]<\/p>\n","protected":false},"author":1,"featured_media":0,"parent":0,"menu_order":8,"comment_status":"closed","ping_status":"closed","template":"","meta":{"footnotes":""},"class_list":["post-843","page","type-page","status-publish","hentry"],"_links":{"self":[{"href":"https:\/\/stall-schwark.de\/index.php?rest_route=\/wp\/v2\/pages\/843","targetHints":{"allow":["GET"]}}],"collection":[{"href":"https:\/\/stall-schwark.de\/index.php?rest_route=\/wp\/v2\/pages"}],"about":[{"href":"https:\/\/stall-schwark.de\/index.php?rest_route=\/wp\/v2\/types\/page"}],"author":[{"embeddable":true,"href":"https:\/\/stall-schwark.de\/index.php?rest_route=\/wp\/v2\/users\/1"}],"replies":[{"embeddable":true,"href":"https:\/\/stall-schwark.de\/index.php?rest_route=%2Fwp%2Fv2%2Fcomments&post=843"}],"version-history":[{"count":1,"href":"https:\/\/stall-schwark.de\/index.php?rest_route=\/wp\/v2\/pages\/843\/revisions"}],"predecessor-version":[{"id":853,"href":"https:\/\/stall-schwark.de\/index.php?rest_route=\/wp\/v2\/pages\/843\/revisions\/853"}],"wp:attachment":[{"href":"https:\/\/stall-schwark.de\/index.php?rest_route=%2Fwp%2Fv2%2Fmedia&parent=843"}],"curies":[{"name":"wp","href":"https:\/\/api.w.org\/{rel}","templated":true}]}}