{"id":842,"date":"2026-02-18T17:52:10","date_gmt":"2026-02-18T17:52:10","guid":{"rendered":"https:\/\/stall-schwark.de\/?page_id=842"},"modified":"2026-02-18T17:52:14","modified_gmt":"2026-02-18T17:52:14","slug":"samo-historie","status":"publish","type":"page","link":"https:\/\/stall-schwark.de\/?page_id=842","title":{"rendered":"Samo-Historie"},"content":{"rendered":"<div class=\"\" style=\"\" >\n  \n    <section class=\"u-align-center u-clearfix u-container-align-center u-container-align-center-lg u-container-align-center-md u-container-align-center-sm u-container-align-center-xl u-section-1\" id=\"block-1\">\n      <img decoding=\"async\" class=\"u-expanded-width u-image u-image-1\" src=\"https:\/\/stall-schwark.de\/wp-content\/uploads\/2026\/02\/Samosaea-Header-13-scaled.jpeg\" data-image-width=\"3165\" data-image-height=\"1780\">\n      <img decoding=\"async\" class=\"u-image u-image-contain u-image-default u-image-2\" src=\"https:\/\/stall-schwark.de\/wp-content\/uploads\/2026\/02\/Logo-2026-5.jpg\" alt=\"\" data-image-width=\"506\" data-image-height=\"641\" data-href=\"https:\/\/stall-schwark.de\/?page_id=843\" title=\"Stall Schwark\">\n    <\/section>\n    <section class=\"u-align-center u-clearfix u-container-align-center u-section-2\" id=\"block-2\">\n      <div class=\"u-clearfix u-sheet u-valign-middle-lg u-valign-middle-md u-valign-middle-sm u-valign-middle-xs u-sheet-1\">\n        <h2 class=\"u-align-center u-text u-text-1\" data-animation-name=\"customAnimationIn\" data-animation-duration=\"1500\"><span style=\"font-size: 3rem;\">SAMOSAEA - Historie<\/span>\n          <br>\n        <\/h2>\n        <p class=\"u-align-left u-text u-text-2\">\n          <font><\/font><b>\n            <font>Entstehungsgeschichte<\/font><\/b>\n          <font>\n            <br> Kennen Sie SAMOSAEA ? Nein ??? Dann wird es Zeit, uns kennen zu lernen.<br> Wir, das sind der landwirtschaftliche Betrieb Stefanie Schwark und der\n\t\t\t  SAMOSAEA Reitverein f\u00fcr therapeutisches Reiten und Breitensport in\n\t\t\t  Gro\u00dfziethen. Zwei wirtschaftlich getrennte Einrichtungen pflegen eine\n\t\t\t  intensive Zusammenarbeit. Wie ist es dazu gekommen?\n          <\/font>\n          <font> Steffi Schwark begann nach dem Studium an der FUB und der Erlangung des Diploms\n\t\t\t  als P\u00e4dagogin 1997 die w\u00e4hrend des Studiums erworbenen Kenntnisse mit privaten\n\t\t\t  Interessen zu verbinden. Sie w\u00e4hlte als Berufsziel eine T\u00e4tigkeit mit Menschen\n\t\t\t  und Pferden. Studienschwerpunkte waren bereits Sonderp\u00e4dagogik und die Arbeit\n\t\t\t  mit behinderten Menschen. Was lag hier n\u00e4her, als zun\u00e4chst in kleinem Umfang,\n\t\t\t  damals noch in Berlin-Buckow, Reitunterricht anzubieten.<br> 1997 er\u00f6ffnete sie in Gro\u00dfziethen, Lichtenrader Chaussee, einen Gewerbebetrieb,\n\t\t\t  der als Reitstall SAMOSAEA bekannt wurde. Bei dem Namen, der etwas ungew\u00f6hnlich\n\t\t\t  klingt, handelt es sich um die Anfangsbuchstaben der Gr\u00fcnderpferde. Es waren\n\t\t\t  Sandy, Mona, Saskia und Earl, die zun\u00e4chst in dem kleinen Reitstall in\n\t\t\t  Berlin-Buckow erste Sch\u00fcler auf sich trugen.<br> Das Pachtgel\u00e4nde an der Lichtenrader Chaussee mu\u00dfte 2002 aufgegeben werden.\n\t\t\t  Verbunden damit war ein unternehmerischer Strukturwandel. \n          <\/font>\n          <br>\n          <font>Am 01. 10.2002\n\t\t\t  gr\u00fcndete Steffi Schwark in Alt Gro\u00dfziethen 43, Sch\u00f6nefeld OT Gro\u00dfziethen,\n\t\t\t  ein neues Unternehmen mit den Gewerbezweigen Landwirtschaft, Pferdezucht,\n\t\t\t  Pferdehaltung und Pensionstierhaltung, das als landwirtschaftlicher Betrieb\n\t\t\t  anerkannt ist. Er wird von ihr aufgebaut und gef\u00fchrt. Es war ein weiter und\n\t\t\t  sehr schwerer Weg, von der Ausgangssituation in 2002 zum gegenw\u00e4rtigen Stand\n\t\t\t  zu kommen. Es werden auch k\u00fcnftig noch viel Kraft und Anstrengungen\n\t\t\t  f\u00fcr die Weiterentwicklung erforderlich sein.<\/font>\n          <font> Nachdem der Reitstall SAMOSAEA Interesse und Zuspruch fand, entstand unter den\n\t\t\t  Reitfreunden dort die Idee, aus Freude am Reitsport und dem Umgang mit Tieren\n\t\t\t  und dem Kontakt zu anderen Menschen, insbesondere Kindern und Jugendlichen,\n\t\t\t  selbst erfahrene Lebensinhalte weiterzugeben und hierbei auch behinderte\n\t\t\t  Menschen mit einzubeziehen. Dieses sollte durch Gr\u00fcndung eines Vereins realisiert\n\t\t\t  werden. Die \u00dcberlegungen wurden konkretisiert und eine Vereinssatzung aufgestellt. <\/font>\n          <br>\n          <font>Am 12.01.2000 fand die Gr\u00fcndungsversammlung des Reitvereins SAMOSAEA statt. Die Eintragung im Vereinsregister erfolgte am 17.04.2000. Der Verein wurde am\n\t\t\t  22.06.2000 vom Finanzamt f\u00fcr K\u00f6rperschaften I Berlin als gemeinn\u00fctzig anerkannt. Die erfolgreiche Arbeit des Vereins spiegelt sich u.a. in diversen Auszeichnungen\n\t\t\t  wider. So nahm SAMOSAEA erfolgreich an mehreren MINI-CUP\n\t\t\t  Veranstaltungen\/CHI-Qualifikationen teil, erhielt bereits im Jahr 2000 vom\n\t\t\t  Landesverband Pferdesport Berlin-Brandenburg e.V. eine Anerkennung f\u00fcr\n\t\t\t  ausgezeichnete Jugendarbeit und wurde aufgrund der Teilnahme an der\n\t\t\t  Ausschreibung \"vereinaktiv\" mit einer Urkunde belohnt.<br> Der Jugendarbeit wird im Rahmen der F\u00f6rderung des Reitsports als Leistungs-\n\t\t\t  und Breitensport besondere Bedeutung zugemessen. Die M\u00f6glichkeit,\n\t\t\t  am Basispass-Lehrgang und an Pr\u00fcfungen zum Abzeichen der Klasse III und IV\n\t\t\t  teilzunehmen, wird in regelm\u00e4\u00dfigen Abst\u00e4nden angeboten. Auch Ma\u00dfnahmen zur F\u00f6rderung der \u00f6ffentlichen Gesundheitspflege unter\n\t\t\t  Einsatz des \"Mediums Pferd\" sind Zielsetzungen des Vereins.<br> Interessierte sollten sich einfach einmal bei den Vorstandsmitgliedern informieren,\n\t\t\t  die gerne Auskunft geben.\n          <\/font>\n          <font> Die Symbiose zwischen landwirtschaftlichem Betrieb und gemeinn\u00fctzigem\n\t\t\t  Verein wurde als neues Modell der Zusammenarbeit entwickelt und als solches 2001\n\t\t\t  bei dem Wettbewerb \"startsozial\", einer Initiative der Wirtschaft unter der\n\t\t\t  Schirmherrschaft des Bundeskanzlers vorgestellt. Es ist von den Juroren aus dem\n\t\t\t  sozialen Bereich und der Wirtschaft mit \"gut\" eingestuft worden. Dieses Modell\n\t\t\t  stellt eine Verbindung zwischen kommerzieller Gewerbeaus\u00fcbung und ehrenamtlichem\n\t\t\t  Engagement dar. <\/font>\n        <\/p>\n        <div class=\"u-expanded-width u-list u-list-1\">\n          <div class=\"u-repeater u-repeater-1\">\n            <div class=\"u-align-left u-container-align-left u-container-style u-image-round u-list-item u-radius-20 u-repeater-item u-shading u-list-item-1\" data-image-width=\"1014\" data-image-height=\"700\" data-animation-direction=\"Up\" data-animation-name=\"customAnimationIn\" data-animation-duration=\"1500\" data-animation-delay=\"250\">\n              <div class=\"u-container-layout u-similar-container u-valign-top-lg u-valign-top-md u-valign-top-sm u-container-layout-1\">\n                <h4 class=\"u-align-center u-text u-text-3\"><span style=\"font-size: 1rem; text-decoration: underline !important;\">\n                    <a href=\"https:\/\/stall-schwark.de\/?page_id=837\" class=\"u-active-none u-border-none u-btn u-button-link u-button-style u-hover-none u-none u-text-custom-color-1 u-btn-1\" title=\"Samosaea\">Samosaea<\/a><\/span>\n                <\/h4>\n              <\/div>\n            <\/div>\n            <div class=\"u-align-left u-container-align-left u-container-style u-image-round u-list-item u-radius-20 u-repeater-item u-shading u-video-cover u-list-item-2\" data-image-width=\"626\" data-image-height=\"417\" data-animation-direction=\"Up\" data-animation-name=\"customAnimationIn\" data-animation-duration=\"1500\" data-animation-delay=\"750\">\n              <div class=\"u-container-layout u-similar-container u-valign-top-lg u-valign-top-md u-valign-top-sm u-container-layout-2\">\n                <h4 class=\"u-align-center u-text u-text-4\"><span style=\"font-size: 1rem; text-decoration: underline !important;\">REITVEREIN<\/span>\n                <\/h4>\n              <\/div>\n            <\/div>\n            <div class=\"u-align-left u-container-align-left u-container-style u-image-round u-list-item u-radius-20 u-repeater-item u-shading u-video-cover u-list-item-3\" data-image-width=\"1200\" data-image-height=\"1043\" data-animation-direction=\"Up\" data-animation-name=\"customAnimationIn\" data-animation-duration=\"1500\" data-animation-delay=\"250\">\n              <div class=\"u-container-layout u-similar-container u-valign-top-lg u-valign-top-md u-valign-top-sm u-container-layout-3\">\n                <h4 class=\"u-align-center u-text u-text-5\"><span style=\"font-size: 1rem; text-decoration: underline !important;\">\n                    <a href=\"https:\/\/stall-schwark.de\/?page_id=836\" class=\"u-active-none u-border-none u-btn u-button-link u-button-style u-hover-none u-none u-text-custom-color-1 u-btn-2\" title=\"Reitschule\">Reitschule<\/a><\/span>\n                <\/h4>\n              <\/div>\n            <\/div>\n            <div class=\"u-align-left u-container-align-left u-container-style u-image-round u-list-item u-radius-20 u-repeater-item u-shading u-video-cover u-list-item-4\" data-animation-name=\"customAnimationIn\" data-animation-duration=\"1500\" data-animation-delay=\"750\">\n              <div class=\"u-container-layout u-similar-container u-valign-top-lg u-valign-top-md u-valign-top-sm u-container-layout-4\">\n                <h4 class=\"u-align-center u-text u-text-6\"><span style=\"font-size: 1rem; text-decoration: underline !important;\">INKLUSION<\/span>\n                  <br>\n                <\/h4>\n              <\/div>\n            <\/div>\n            <div class=\"u-align-left u-container-align-left u-container-style u-image-round u-list-item u-radius-20 u-repeater-item u-shading u-video-cover u-list-item-5\" data-animation-name=\"customAnimationIn\" data-animation-duration=\"1500\" data-animation-delay=\"750\">\n              <div class=\"u-container-layout u-similar-container u-valign-top-lg u-valign-top-md u-valign-top-sm u-container-layout-5\">\n                <h4 class=\"u-align-center u-text u-text-7\"><span style=\"font-size: 1rem; text-decoration: underline !important;\">Pferdeboxen<\/span>\n                  <br>\n                <\/h4>\n              <\/div>\n            <\/div>\n            <div class=\"u-align-left u-container-align-left u-container-style u-image-round u-list-item u-radius-20 u-repeater-item u-shading u-video-cover u-list-item-6\" data-animation-name=\"customAnimationIn\" data-animation-duration=\"1500\" data-animation-delay=\"750\">\n              <div class=\"u-container-layout u-similar-container u-valign-top-lg u-valign-top-md u-valign-top-sm u-container-layout-6\">\n                <h4 class=\"u-align-center u-text u-text-8\"><span style=\"font-size: 0.75rem; text-decoration: underline !important;\" class=\"u-text-custom-color-1\">\n                    <a href=\"https:\/\/stall-schwark.de\/?page_id=844\" class=\"u-active-none u-border-none u-btn u-button-link u-button-style u-hover-none u-none u-text-palette-1-base u-btn-3\" title=\"Landwirtschaft\">Landwirtschaft<\/a><\/span>\n                  <br>\n                <\/h4>\n              <\/div>\n            <\/div>\n          <\/div>\n        <\/div>\n      <\/div>\n    <\/section>\n    \n    \n    \n    \n  \n<\/div>","protected":false},"excerpt":{"rendered":"<p>SAMOSAEA &#8211; Historie Entstehungsgeschichte Kennen Sie SAMOSAEA ? Nein ??? Dann wird es Zeit, uns kennen zu lernen. Wir, das sind der landwirtschaftliche Betrieb Stefanie Schwark und der SAMOSAEA Reitverein f\u00fcr therapeutisches Reiten und Breitensport in Gro\u00dfziethen. Zwei wirtschaftlich getrennte Einrichtungen pflegen eine intensive Zusammenarbeit. Wie ist es dazu gekommen? Steffi Schwark begann nach dem [&hellip;]<\/p>\n","protected":false},"author":1,"featured_media":0,"parent":0,"menu_order":7,"comment_status":"closed","ping_status":"closed","template":"","meta":{"footnotes":""},"class_list":["post-842","page","type-page","status-publish","hentry"],"_links":{"self":[{"href":"https:\/\/stall-schwark.de\/index.php?rest_route=\/wp\/v2\/pages\/842","targetHints":{"allow":["GET"]}}],"collection":[{"href":"https:\/\/stall-schwark.de\/index.php?rest_route=\/wp\/v2\/pages"}],"about":[{"href":"https:\/\/stall-schwark.de\/index.php?rest_route=\/wp\/v2\/types\/page"}],"author":[{"embeddable":true,"href":"https:\/\/stall-schwark.de\/index.php?rest_route=\/wp\/v2\/users\/1"}],"replies":[{"embeddable":true,"href":"https:\/\/stall-schwark.de\/index.php?rest_route=%2Fwp%2Fv2%2Fcomments&post=842"}],"version-history":[{"count":1,"href":"https:\/\/stall-schwark.de\/index.php?rest_route=\/wp\/v2\/pages\/842\/revisions"}],"predecessor-version":[{"id":852,"href":"https:\/\/stall-schwark.de\/index.php?rest_route=\/wp\/v2\/pages\/842\/revisions\/852"}],"wp:attachment":[{"href":"https:\/\/stall-schwark.de\/index.php?rest_route=%2Fwp%2Fv2%2Fmedia&parent=842"}],"curies":[{"name":"wp","href":"https:\/\/api.w.org\/{rel}","templated":true}]}}