{"id":840,"date":"2026-02-18T17:52:08","date_gmt":"2026-02-18T17:52:08","guid":{"rendered":"https:\/\/stall-schwark.de\/?page_id=840"},"modified":"2026-02-18T17:52:14","modified_gmt":"2026-02-18T17:52:14","slug":"ueber-uns","status":"publish","type":"page","link":"https:\/\/stall-schwark.de\/?page_id=840","title":{"rendered":"\u00dcber uns"},"content":{"rendered":"<div class=\"\" style=\"\" >\n  \n    <section class=\"u-align-center u-clearfix u-white u-section-1\" id=\"block-1\">\n      <div class=\"u-clearfix u-sheet u-sheet-1\">\n        <h2 class=\"u-align-center u-text u-text-1\" data-animation-name=\"customAnimationIn\" data-animation-duration=\"1500\"><span style=\"font-size: 3rem;\">Familie Schwark<\/span>\n          <br>\n        <\/h2>\n        <img decoding=\"async\" class=\"custom-expanded u-image u-image-1\" src=\"https:\/\/stall-schwark.de\/wp-content\/uploads\/2026\/02\/home-s-13.jpg\" data-image-width=\"1600\" data-image-height=\"870\">\n      <\/div>\n    <\/section>\n    <section class=\"u-align-center u-clearfix u-section-2\" id=\"block-2\">\n      <p class=\"u-align-center u-text u-text-1\">\n        <font>1997 er\u00f6ffnete Steffi Schwark in Gro\u00dfziethen einen Gewerbebetrieb, <\/font>\n        <br>\n        <font>der als Reitstall SAMOSAEA bekannt wurde. <\/font>\n        <br>\n        <font>Im Oktober bezog SAMOSAEA in Alt Gro\u00dfziethen 43,&nbsp;\n\t\t\t  ein neues Gel\u00e4nde mit dem <\/font>\n        <br>\n        <font>Angebot Landwirtschaft, <\/font>\n        <font>Pferdezucht,\n\t\t\t  Pferdehaltung und Pensionstierhaltung. <\/font>\n        <br>\n      <\/p>\n      <img decoding=\"async\" class=\"u-image u-image-default u-image-1\" src=\"https:\/\/stall-schwark.de\/wp-content\/uploads\/2026\/02\/emi-13.jpg\" alt=\"\" data-image-width=\"1082\" data-image-height=\"321\">\n      <img decoding=\"async\" class=\"u-image u-image-contain u-image-default u-image-2\" src=\"https:\/\/stall-schwark.de\/wp-content\/uploads\/2026\/02\/land-k-y.jpg\" alt=\"\" data-image-width=\"1082\" data-image-height=\"321\">\n    <\/section>\n    \n    \n    \n    \n    \n  \n<\/div>","protected":false},"excerpt":{"rendered":"<p>Familie Schwark 1997 er\u00f6ffnete Steffi Schwark in Gro\u00dfziethen einen Gewerbebetrieb, der als Reitstall SAMOSAEA bekannt wurde. Im Oktober bezog SAMOSAEA in Alt Gro\u00dfziethen 43,&nbsp; ein neues Gel\u00e4nde mit dem Angebot Landwirtschaft, Pferdezucht, Pferdehaltung und Pensionstierhaltung.<\/p>\n","protected":false},"author":1,"featured_media":0,"parent":0,"menu_order":5,"comment_status":"closed","ping_status":"closed","template":"","meta":{"footnotes":""},"class_list":["post-840","page","type-page","status-publish","hentry"],"_links":{"self":[{"href":"https:\/\/stall-schwark.de\/index.php?rest_route=\/wp\/v2\/pages\/840","targetHints":{"allow":["GET"]}}],"collection":[{"href":"https:\/\/stall-schwark.de\/index.php?rest_route=\/wp\/v2\/pages"}],"about":[{"href":"https:\/\/stall-schwark.de\/index.php?rest_route=\/wp\/v2\/types\/page"}],"author":[{"embeddable":true,"href":"https:\/\/stall-schwark.de\/index.php?rest_route=\/wp\/v2\/users\/1"}],"replies":[{"embeddable":true,"href":"https:\/\/stall-schwark.de\/index.php?rest_route=%2Fwp%2Fv2%2Fcomments&post=840"}],"version-history":[{"count":1,"href":"https:\/\/stall-schwark.de\/index.php?rest_route=\/wp\/v2\/pages\/840\/revisions"}],"predecessor-version":[{"id":850,"href":"https:\/\/stall-schwark.de\/index.php?rest_route=\/wp\/v2\/pages\/840\/revisions\/850"}],"wp:attachment":[{"href":"https:\/\/stall-schwark.de\/index.php?rest_route=%2Fwp%2Fv2%2Fmedia&parent=840"}],"curies":[{"name":"wp","href":"https:\/\/api.w.org\/{rel}","templated":true}]}}