{"id":837,"date":"2026-02-18T17:52:05","date_gmt":"2026-02-18T17:52:05","guid":{"rendered":"https:\/\/stall-schwark.de\/?page_id=837"},"modified":"2026-02-18T17:52:14","modified_gmt":"2026-02-18T17:52:14","slug":"samosaea","status":"publish","type":"page","link":"https:\/\/stall-schwark.de\/?page_id=837","title":{"rendered":"Samosaea"},"content":{"rendered":"<div class=\"\" style=\"\" >\n  \n    <section class=\"u-align-center u-clearfix u-container-align-center u-container-align-center-lg u-container-align-center-xl u-section-1\" id=\"block-1\">\n      <img decoding=\"async\" class=\"u-expanded-width u-image u-image-1\" src=\"https:\/\/stall-schwark.de\/wp-content\/uploads\/2026\/02\/Samosaea-Header-13-scaled.jpeg\" data-image-width=\"3165\" data-image-height=\"1780\">\n      <img decoding=\"async\" class=\"u-image u-image-contain u-image-default u-image-2\" src=\"https:\/\/stall-schwark.de\/wp-content\/uploads\/2026\/02\/Logo-2026-5.jpg\" alt=\"\" data-image-width=\"506\" data-image-height=\"641\" data-href=\"https:\/\/stall-schwark.de\/?page_id=843\" title=\"Stall Schwark\">\n    <\/section>\n    <section class=\"u-align-center u-clearfix u-container-align-center u-container-align-center-lg u-container-align-center-xl u-section-2\" id=\"block-2\">\n      <div class=\"u-clearfix u-sheet u-valign-middle-lg u-valign-middle-sm u-valign-middle-xs u-sheet-1\">\n        <h2 class=\"u-align-center u-text u-text-1\" data-animation-name=\"customAnimationIn\" data-animation-duration=\"1500\">SAMOSAEA - Familie Schwark<br>\n        <\/h2>\n        <p class=\"u-align-center u-text u-text-2\">\n          <font>1997 er\u00f6ffnete Steffi Schwark in Gro\u00dfziethen einen Gewerbebetrieb, <\/font>\n          <font>der als Reitstall SAMOSAEA bekannt wurde. <\/font>\n          <br>\n          <font>Im Oktober bezog SAMOSAEA in Alt Gro\u00dfziethen 43,&nbsp;\n\t\t\t  ein neues Gel\u00e4nde mit dem <\/font>\n          <br>\n          <font>Angebot Landwirtschaft, <\/font>\n          <font>Pferdezucht,\n\t\t\t  Pferdehaltung und Pensionstierhaltung. <\/font>\n          <br>\n          <font>2000 fand die Gr\u00fcndungsversammlung des Reitvereins SAMOSAEA statt.<br>\n          <\/font>\n          <font>Die erfolgreiche Arbeit des Vereins spiegelt sich u.a. in diversen Auszeichnungen\n\t\t\t  wieder. z.B. erhielt der Verein vom\n\t\t\t  Landesverband Pferdesport Berlin-Brandenburg e.V. eine Anerkennung f\u00fcr\n\t\t\t  ausgezeichnete Jugendarbeit mit Urkunde <br>\n          <\/font>\n          <font>Der Jugendarbeit wird im Rahmen der F\u00f6rderung des Reitsports besondere Bedeutung zugemessen.<\/font>\n          <br>\n        <\/p>\n        <div class=\"u-expanded-width u-list u-list-1\">\n          <div class=\"u-repeater u-repeater-1\">\n            <div class=\"u-align-left u-container-align-left u-container-style u-image-round u-list-item u-radius-20 u-repeater-item u-shading u-list-item-1\" data-image-width=\"1014\" data-image-height=\"700\" data-animation-direction=\"Up\" data-animation-name=\"customAnimationIn\" data-animation-duration=\"1500\" data-animation-delay=\"250\">\n              <div class=\"u-container-layout u-similar-container u-valign-top-lg u-valign-top-md u-valign-top-sm u-container-layout-1\">\n                <h4 class=\"u-align-center u-text u-text-3\"><span style=\"font-size: 1rem; text-decoration: underline !important;\">\n                    <a href=\"https:\/\/stall-schwark.de\/?page_id=842\" class=\"u-active-none u-border-none u-btn u-button-link u-button-style u-hover-none u-none u-text-body-alt-color u-btn-1\" title=\"Samo-Historie\">SamosaeA<br>Historie\n                    <\/a><\/span>\n                <\/h4>\n              <\/div>\n            <\/div>\n            <div class=\"u-align-left u-container-align-left u-container-style u-image-round u-list-item u-radius-20 u-repeater-item u-shading u-video-cover u-list-item-2\" data-image-width=\"626\" data-image-height=\"417\" data-animation-direction=\"Up\" data-animation-name=\"customAnimationIn\" data-animation-duration=\"1500\" data-animation-delay=\"750\">\n              <div class=\"u-container-layout u-similar-container u-valign-top-lg u-valign-top-md u-valign-top-sm u-container-layout-2\">\n                <h4 class=\"u-align-center u-text u-text-4\"><span style=\"font-size: 1rem; text-decoration: underline !important;\">REITVEREIN<\/span>\n                  <br><span style=\"font-size: 1rem; text-decoration: underline !important;\">EVENTS<\/span>\n                <\/h4>\n              <\/div>\n            <\/div>\n            <div class=\"u-align-left u-container-align-left u-container-style u-image-round u-list-item u-radius-20 u-repeater-item u-shading u-video-cover u-list-item-3\" data-image-width=\"1200\" data-image-height=\"1043\" data-animation-direction=\"Up\" data-animation-name=\"customAnimationIn\" data-animation-duration=\"1500\" data-animation-delay=\"250\">\n              <div class=\"u-container-layout u-similar-container u-valign-top-lg u-valign-top-md u-valign-top-sm u-container-layout-3\">\n                <h4 class=\"u-align-center u-text u-text-5\"><span style=\"font-size: 1rem; text-decoration: underline !important;\">\n                    <a href=\"https:\/\/stall-schwark.de\/?page_id=836\" class=\"u-active-none u-border-none u-btn u-button-link u-button-style u-hover-none u-none u-text-body-alt-color u-btn-2\" title=\"Reitschule\">ReitschulE<br>Untericht\n                    <\/a><\/span>\n                <\/h4>\n              <\/div>\n            <\/div>\n            <div class=\"u-align-left u-container-align-left u-container-style u-image-round u-list-item u-radius-20 u-repeater-item u-shading u-video-cover u-list-item-4\" data-animation-name=\"customAnimationIn\" data-animation-duration=\"1500\" data-animation-delay=\"750\">\n              <div class=\"u-container-layout u-similar-container u-valign-top-lg u-valign-top-md u-valign-top-sm u-container-layout-4\">\n                <h4 class=\"u-align-center u-text u-text-6\">\n                  <a href=\"https:\/\/stall-schwark.de\/?page_id=841\" class=\"u-active-none u-border-none u-btn u-button-link u-button-style u-hover-none u-none u-text-white u-btn-3\" title=\"Therapie\"><span style=\"font-size: 1rem; text-decoration: underline !important;\">INKLUSION<\/span>\n                    <br><span style=\"font-size: 1rem; text-decoration: underline !important;\">THERAPIE<\/span>\n                  <\/a>\n                  <br>\n                <\/h4>\n              <\/div>\n            <\/div>\n            <div class=\"u-align-left u-container-align-left u-container-style u-image-round u-list-item u-radius-20 u-repeater-item u-shading u-video-cover u-list-item-5\" data-animation-name=\"customAnimationIn\" data-animation-duration=\"1500\" data-animation-delay=\"750\">\n              <div class=\"u-container-layout u-similar-container u-valign-top-lg u-valign-top-md u-valign-top-sm u-container-layout-5\">\n                <h4 class=\"u-align-center u-text u-text-7\"><span style=\"font-size: 1rem; text-decoration: underline !important;\">PferdeboxeN<\/span>\n                  <br><span style=\"font-size: 1rem; text-decoration: underline !important;\">angebote<\/span>\n                  <br>\n                <\/h4>\n              <\/div>\n            <\/div>\n            <div class=\"u-align-left u-container-align-left u-container-style u-image-round u-list-item u-radius-20 u-repeater-item u-shading u-video-cover u-list-item-6\" data-animation-name=\"customAnimationIn\" data-animation-duration=\"1500\" data-animation-delay=\"750\">\n              <div class=\"u-container-layout u-similar-container u-valign-top-lg u-valign-top-md u-valign-top-sm u-container-layout-6\">\n                <h4 class=\"u-align-center u-text u-text-8\"><span style=\"font-size: 1rem; text-decoration: underline !important;\">Land<\/span>\n                  <br><span style=\"font-size: 1rem; text-decoration: underline !important;\">wirtschaft<\/span>\n                  <br>\n                <\/h4>\n              <\/div>\n            <\/div>\n          <\/div>\n        <\/div>\n        <p class=\"u-align-center u-text u-text-9\">\n          <font>Die Symbiose zwischen landwirtschaftlichem Betrieb und gemeinn\u00fctzigem\n\t\t\t  Verein wurde als neues Modell der Zusammenarbeit entwickelt und als solches 2001\n\t\t\t  bei dem Wettbewerb \"startsozial\", einer Initiative der Wirtschaft unter der\n\t\t\t  Schirmherrschaft des Bundeskanzlers vorgestellt. Es ist von den Juroren aus dem\n\t\t\t  sozialen Bereich und der Wirtschaft mit \"gut\" eingestuft worden. Dieses Modell\n\t\t\t  stellt eine Verbindung zwischen kommerzieller Gewerbeaus\u00fcbung und ehrenamtlichem\n\t\t\t  Engagement dar. <\/font>\n        <\/p>\n        <div class=\"u-expanded-width u-gallery u-layout-grid u-lightbox u-no-transition u-show-text-none u-gallery-1\">\n          <div class=\"u-gallery-inner u-gallery-inner-1\">\n            <div class=\"u-effect-hover-zoom u-gallery-item\">\n              <div class=\"u-back-slide\" data-image-width=\"1101\" data-image-height=\"853\">\n                <img decoding=\"async\" class=\"u-back-image u-expanded\" src=\"https:\/\/stall-schwark.de\/wp-content\/uploads\/2026\/02\/Sam-2-13.jpeg\">\n              <\/div>\n              <div class=\"u-over-slide u-shading u-over-slide-1\"><\/div>\n            <\/div>\n            <div class=\"u-effect-hover-zoom u-gallery-item\">\n              <div class=\"u-back-slide\" data-image-width=\"957\" data-image-height=\"614\">\n                <img decoding=\"async\" class=\"u-back-image u-expanded\" src=\"https:\/\/stall-schwark.de\/wp-content\/uploads\/2026\/02\/Sam-3-13.jpeg\">\n              <\/div>\n              <div class=\"u-over-slide u-shading u-over-slide-2\"><\/div>\n            <\/div>\n            <div class=\"u-effect-hover-zoom u-gallery-item\">\n              <div class=\"u-back-slide\" data-image-width=\"1186\" data-image-height=\"1135\">\n                <img decoding=\"async\" class=\"u-back-image u-expanded\" src=\"https:\/\/stall-schwark.de\/wp-content\/uploads\/2026\/02\/Sam-1-13.jpeg\">\n              <\/div>\n              <div class=\"u-over-slide u-shading u-over-slide-3\"><\/div>\n            <\/div>\n            <div class=\"u-effect-hover-zoom u-gallery-item\">\n              <div class=\"u-back-slide\" data-image-width=\"1196\" data-image-height=\"1025\">\n                <img decoding=\"async\" class=\"u-back-image u-expanded\" src=\"https:\/\/stall-schwark.de\/wp-content\/uploads\/2026\/02\/Sams-4-13.jpeg\">\n              <\/div>\n              <div class=\"u-over-slide u-shading u-over-slide-4\"><\/div>\n            <\/div>\n            <div class=\"u-effect-hover-zoom u-gallery-item\">\n              <div class=\"u-back-slide\" data-image-width=\"1162\" data-image-height=\"1074\">\n                <img decoding=\"async\" class=\"u-back-image u-expanded\" src=\"https:\/\/stall-schwark.de\/wp-content\/uploads\/2026\/02\/Sam-6-13.jpeg\">\n              <\/div>\n              <div class=\"u-over-slide u-shading u-over-slide-5\"><\/div>\n            <\/div>\n            <div class=\"u-effect-hover-zoom u-gallery-item\">\n              <div class=\"u-back-slide\" data-image-width=\"1183\" data-image-height=\"1045\">\n                <img decoding=\"async\" class=\"u-back-image u-expanded\" src=\"https:\/\/stall-schwark.de\/wp-content\/uploads\/2026\/02\/Sams-5-13.jpeg\">\n              <\/div>\n              <div class=\"u-over-slide u-shading u-over-slide-6\"><\/div>\n            <\/div>\n          <\/div>\n        <\/div>\n      <\/div>\n    <\/section>\n    \n    \n    \n    \n  \n<\/div>","protected":false},"excerpt":{"rendered":"<p>SAMOSAEA &#8211; Familie Schwark 1997 er\u00f6ffnete Steffi Schwark in Gro\u00dfziethen einen Gewerbebetrieb, der als Reitstall SAMOSAEA bekannt wurde. Im Oktober bezog SAMOSAEA in Alt Gro\u00dfziethen 43,&nbsp; ein neues Gel\u00e4nde mit dem Angebot Landwirtschaft, Pferdezucht, Pferdehaltung und Pensionstierhaltung. 2000 fand die Gr\u00fcndungsversammlung des Reitvereins SAMOSAEA statt. Die erfolgreiche Arbeit des Vereins spiegelt sich u.a. in diversen [&hellip;]<\/p>\n","protected":false},"author":1,"featured_media":0,"parent":0,"menu_order":2,"comment_status":"closed","ping_status":"closed","template":"","meta":{"footnotes":""},"class_list":["post-837","page","type-page","status-publish","hentry"],"_links":{"self":[{"href":"https:\/\/stall-schwark.de\/index.php?rest_route=\/wp\/v2\/pages\/837","targetHints":{"allow":["GET"]}}],"collection":[{"href":"https:\/\/stall-schwark.de\/index.php?rest_route=\/wp\/v2\/pages"}],"about":[{"href":"https:\/\/stall-schwark.de\/index.php?rest_route=\/wp\/v2\/types\/page"}],"author":[{"embeddable":true,"href":"https:\/\/stall-schwark.de\/index.php?rest_route=\/wp\/v2\/users\/1"}],"replies":[{"embeddable":true,"href":"https:\/\/stall-schwark.de\/index.php?rest_route=%2Fwp%2Fv2%2Fcomments&post=837"}],"version-history":[{"count":1,"href":"https:\/\/stall-schwark.de\/index.php?rest_route=\/wp\/v2\/pages\/837\/revisions"}],"predecessor-version":[{"id":847,"href":"https:\/\/stall-schwark.de\/index.php?rest_route=\/wp\/v2\/pages\/837\/revisions\/847"}],"wp:attachment":[{"href":"https:\/\/stall-schwark.de\/index.php?rest_route=%2Fwp%2Fv2%2Fmedia&parent=837"}],"curies":[{"name":"wp","href":"https:\/\/api.w.org\/{rel}","templated":true}]}}