{"id":836,"date":"2026-02-18T17:52:04","date_gmt":"2026-02-18T17:52:04","guid":{"rendered":"https:\/\/stall-schwark.de\/?page_id=836"},"modified":"2026-02-18T17:52:14","modified_gmt":"2026-02-18T17:52:14","slug":"reitschule-14","status":"publish","type":"page","link":"https:\/\/stall-schwark.de\/?page_id=836","title":{"rendered":"Reitschule"},"content":{"rendered":"<div class=\"\" style=\"\" >\n  \n    <section class=\"u-align-center u-clearfix u-container-align-center u-section-1\" id=\"block-1\">\n      <img decoding=\"async\" class=\"u-expanded-width u-image u-image-1\" src=\"https:\/\/stall-schwark.de\/wp-content\/uploads\/2026\/02\/reitschule-pixa-1.jpg\" data-image-width=\"1920\" data-image-height=\"766\">\n      <img decoding=\"async\" class=\"u-image u-image-contain u-image-default u-image-2\" src=\"https:\/\/stall-schwark.de\/wp-content\/uploads\/2026\/02\/Logo-2026-5.jpg\" alt=\"\" data-image-width=\"506\" data-image-height=\"641\" data-href=\"https:\/\/stall-schwark.de\/?page_id=843\" title=\"Stall Schwark\">\n    <\/section>\n    <section class=\"u-align-center u-clearfix u-container-align-center u-container-align-center-lg u-container-align-center-xl u-section-2\" id=\"block-2\">\n      <div class=\"u-clearfix u-sheet u-valign-middle-lg u-valign-middle-xs u-sheet-1\">\n        <h2 class=\"u-align-center u-text u-text-1\" data-animation-name=\"customAnimationIn\" data-animation-duration=\"1500\"><span style=\"font-size: 3rem;\">Reitschule SAMOSAEA<\/span>\n          <br>\n        <\/h2>\n        <p class=\"u-align-center u-text u-text-2\">\n          <font><\/font><b>\n            <font><b>Reitunterricht<\/b>\n              <br>\n            <\/font><\/b>\n          <font>Zum\n              Angebot z\u00e4hlt der Unterricht an der Longe f\u00fcr Einsteiger,\n              sowie das Reiten in der Abteilung f\u00fcr Fortgeschrittene. Viel\n              Spa\u00df versprechen auch ein- oder mehrst\u00fcndige Ausritte\n              unter fachkundiger F\u00fchrung in unser sch\u00f6nes Umland. Je\n              nach K\u00f6nnen ist f\u00fcr Vereinsmitglieder auch die Teilnahme an ausw\u00e4rtigen Turnieren\n              m\u00f6glich. Vorbereitungen hierf\u00fcr finden statt. <\/font>\n          <font> In jedem Jahr nehmen Vereinsmitglieder an Turnieren und \nQualifikationen teil. Es gibt dabei oft zahlreiche Platzierungen.<br> Auch eigene Veranstaltungen werden immer wieder durchgef\u00fchrt.<br>\n            <br><b>Lehrg\u00e4nge<\/b>\n            <br> Nach Absprache besteht die M\u00f6glichkeit an intensiven Reitlehrg\u00e4ngen\n              teilzunehmen. Diese k\u00f6nnen zur individuellen Weiterbildung,\n              zum Training oder zur Vorbereitung auf eine Abschlu\u00dfpr\u00fcfung\n              genutzt werden. Wir bieten Lehrg\u00e4nge (theoretischer Unterricht\n              und Reitausbildung) zum gro\u00dfen und kleinen Hufeisen und zum\n              Reiterpa\u00df an. \n          <\/font>\n        <\/p>\n        <div class=\"u-expanded-width u-gallery u-layout-grid u-lightbox u-no-transition u-show-text-none u-gallery-1\">\n          <div class=\"u-gallery-inner u-gallery-inner-1\">\n            <div class=\"u-effect-hover-zoom u-gallery-item\">\n              <div class=\"u-back-slide\" data-image-width=\"550\" data-image-height=\"280\">\n                <img decoding=\"async\" class=\"u-back-image u-expanded\" src=\"https:\/\/stall-schwark.de\/wp-content\/uploads\/2026\/02\/Reitschule-13.jpg\">\n              <\/div>\n              <div class=\"u-over-slide u-shading u-over-slide-1\"><\/div>\n            <\/div>\n            <div class=\"u-effect-hover-zoom u-gallery-item\">\n              <div class=\"u-back-slide\" data-image-width=\"957\" data-image-height=\"614\">\n                <img decoding=\"async\" class=\"u-back-image u-expanded\" src=\"https:\/\/stall-schwark.de\/wp-content\/uploads\/2026\/02\/Sam-3-13.jpeg\">\n              <\/div>\n              <div class=\"u-over-slide u-shading u-over-slide-2\"><\/div>\n            <\/div>\n            <div class=\"u-effect-hover-zoom u-gallery-item\">\n              <div class=\"u-back-slide\" data-image-width=\"1600\" data-image-height=\"1200\">\n                <img decoding=\"async\" class=\"u-back-image u-expanded\" src=\"https:\/\/stall-schwark.de\/wp-content\/uploads\/2026\/02\/Winter-kl-13.jpg\">\n              <\/div>\n              <div class=\"u-over-slide u-shading u-over-slide-3\"><\/div>\n            <\/div>\n            <div class=\"u-effect-hover-zoom u-gallery-item\">\n              <div class=\"u-back-slide\" data-image-width=\"1101\" data-image-height=\"853\">\n                <img decoding=\"async\" class=\"u-back-image u-expanded\" src=\"https:\/\/stall-schwark.de\/wp-content\/uploads\/2026\/02\/Sam-2-13.jpeg\">\n              <\/div>\n              <div class=\"u-over-slide u-shading u-over-slide-4\"><\/div>\n            <\/div>\n            <div class=\"u-effect-hover-zoom u-gallery-item\">\n              <div class=\"u-back-slide\" data-image-width=\"759\" data-image-height=\"646\">\n                <img decoding=\"async\" class=\"u-back-image u-expanded\" src=\"https:\/\/stall-schwark.de\/wp-content\/uploads\/2026\/02\/Turnier-13.jpg\">\n              <\/div>\n              <div class=\"u-over-slide u-shading u-over-slide-5\"><\/div>\n            <\/div>\n            <div class=\"u-effect-hover-zoom u-gallery-item\">\n              <div class=\"u-back-slide\" data-image-width=\"800\" data-image-height=\"600\">\n                <img decoding=\"async\" class=\"u-back-image u-expanded\" src=\"https:\/\/stall-schwark.de\/wp-content\/uploads\/2026\/02\/Schul-13.jpg\">\n              <\/div>\n              <div class=\"u-over-slide u-shading u-over-slide-6\"><\/div>\n            <\/div>\n          <\/div>\n        <\/div>\n      <\/div>\n    <\/section>\n    \n    \n    \n    \n  \n<\/div>","protected":false},"excerpt":{"rendered":"<p>Reitschule SAMOSAEA Reitunterricht Zum Angebot z\u00e4hlt der Unterricht an der Longe f\u00fcr Einsteiger, sowie das Reiten in der Abteilung f\u00fcr Fortgeschrittene. Viel Spa\u00df versprechen auch ein- oder mehrst\u00fcndige Ausritte unter fachkundiger F\u00fchrung in unser sch\u00f6nes Umland. Je nach K\u00f6nnen ist f\u00fcr Vereinsmitglieder auch die Teilnahme an ausw\u00e4rtigen Turnieren m\u00f6glich. Vorbereitungen hierf\u00fcr finden statt. In jedem [&hellip;]<\/p>\n","protected":false},"author":1,"featured_media":0,"parent":0,"menu_order":1,"comment_status":"closed","ping_status":"closed","template":"","meta":{"footnotes":""},"class_list":["post-836","page","type-page","status-publish","hentry"],"_links":{"self":[{"href":"https:\/\/stall-schwark.de\/index.php?rest_route=\/wp\/v2\/pages\/836","targetHints":{"allow":["GET"]}}],"collection":[{"href":"https:\/\/stall-schwark.de\/index.php?rest_route=\/wp\/v2\/pages"}],"about":[{"href":"https:\/\/stall-schwark.de\/index.php?rest_route=\/wp\/v2\/types\/page"}],"author":[{"embeddable":true,"href":"https:\/\/stall-schwark.de\/index.php?rest_route=\/wp\/v2\/users\/1"}],"replies":[{"embeddable":true,"href":"https:\/\/stall-schwark.de\/index.php?rest_route=%2Fwp%2Fv2%2Fcomments&post=836"}],"version-history":[{"count":1,"href":"https:\/\/stall-schwark.de\/index.php?rest_route=\/wp\/v2\/pages\/836\/revisions"}],"predecessor-version":[{"id":846,"href":"https:\/\/stall-schwark.de\/index.php?rest_route=\/wp\/v2\/pages\/836\/revisions\/846"}],"wp:attachment":[{"href":"https:\/\/stall-schwark.de\/index.php?rest_route=%2Fwp%2Fv2%2Fmedia&parent=836"}],"curies":[{"name":"wp","href":"https:\/\/api.w.org\/{rel}","templated":true}]}}